    {"id":319,"date":"2020-10-29T12:55:03","date_gmt":"2020-10-29T12:55:03","guid":{"rendered":"http:\/\/consorciondhf.com\/index.php\/case-studies\/"},"modified":"2023-12-08T23:29:17","modified_gmt":"2023-12-08T23:29:17","slug":"case-studies","status":"publish","type":"page","link":"https:\/\/consorciondhf.com\/index.php\/case-studies\/","title":{"rendered":"Case Studies"},"content":{"rendered":"\t\t<div data-elementor-type=\"wp-page\" data-elementor-id=\"319\" class=\"elementor elementor-319\" data-elementor-post-type=\"page\">\n\t\t\t\t\t\t<section class=\"elementor-section elementor-top-section elementor-element elementor-element-91b4d81 elementor-section-height-min-height elementor-section-items-stretch elementor-section-boxed elementor-section-height-default\" data-id=\"91b4d81\" data-element_type=\"section\">\n\t\t\t\t\t\t\t<div class=\"elementor-background-overlay\"><\/div>\n\t\t\t\t\t\t\t<div class=\"elementor-container elementor-column-gap-no\">\n\t\t\t\t\t<div class=\"elementor-column elementor-col-100 elementor-top-column elementor-element elementor-element-afd6fa2\" data-id=\"afd6fa2\" data-element_type=\"column\">\n\t\t\t<div class=\"elementor-widget-wrap elementor-element-populated\">\n\t\t\t\t\t\t<div class=\"elementor-element elementor-element-ab636a9 elementor-widget elementor-widget-heading\" data-id=\"ab636a9\" data-element_type=\"widget\" data-widget_type=\"heading.default\">\n\t\t\t\t<div class=\"elementor-widget-container\">\n\t\t\t\t\t<h2 class=\"elementor-heading-title elementor-size-default\">Projects in development<\/h2>\t\t\t\t<\/div>\n\t\t\t\t<\/div>\n\t\t\t\t\t<\/div>\n\t\t<\/div>\n\t\t\t\t\t<\/div>\n\t\t<\/section>\n\t\t\t\t<section class=\"elementor-section elementor-top-section elementor-element elementor-element-b412977 elementor-section-boxed elementor-section-height-default elementor-section-height-default\" data-id=\"b412977\" data-element_type=\"section\">\n\t\t\t\t\t\t<div class=\"elementor-container elementor-column-gap-default\">\n\t\t\t\t\t<div class=\"elementor-column elementor-col-100 elementor-top-column elementor-element elementor-element-51fd4f3\" data-id=\"51fd4f3\" data-element_type=\"column\">\n\t\t\t<div class=\"elementor-widget-wrap elementor-element-populated\">\n\t\t\t\t\t\t<div class=\"elementor-element elementor-element-92eb452 elementor-widget elementor-widget-spacer\" data-id=\"92eb452\" data-element_type=\"widget\" data-widget_type=\"spacer.default\">\n\t\t\t\t<div class=\"elementor-widget-container\">\n\t\t\t\t\t\t\t<div class=\"elementor-spacer\">\n\t\t\t<div class=\"elementor-spacer-inner\"><\/div>\n\t\t<\/div>\n\t\t\t\t\t\t<\/div>\n\t\t\t\t<\/div>\n\t\t\t\t<div class=\"elementor-element elementor-element-c2d4f23 elementor-widget elementor-widget-heading\" data-id=\"c2d4f23\" data-element_type=\"widget\" data-widget_type=\"heading.default\">\n\t\t\t\t<div class=\"elementor-widget-container\">\n\t\t\t\t\t<h4 class=\"elementor-heading-title elementor-size-default\">Catalogo...<\/h4>\t\t\t\t<\/div>\n\t\t\t\t<\/div>\n\t\t\t\t<div class=\"elementor-element elementor-element-02e56b6 elementor-widget elementor-widget-spacer\" data-id=\"02e56b6\" data-element_type=\"widget\" data-widget_type=\"spacer.default\">\n\t\t\t\t<div class=\"elementor-widget-container\">\n\t\t\t\t\t\t\t<div class=\"elementor-spacer\">\n\t\t\t<div class=\"elementor-spacer-inner\"><\/div>\n\t\t<\/div>\n\t\t\t\t\t\t<\/div>\n\t\t\t\t<\/div>\n\t\t\t\t<div class=\"elementor-element elementor-element-69730a9 elementor--h-position-center elementor--v-position-middle elementor-arrows-position-inside elementor-pagination-position-inside elementor-widget elementor-widget-slides\" data-id=\"69730a9\" data-element_type=\"widget\" data-settings=\"{&quot;navigation&quot;:&quot;both&quot;,&quot;autoplay&quot;:&quot;yes&quot;,&quot;pause_on_hover&quot;:&quot;yes&quot;,&quot;pause_on_interaction&quot;:&quot;yes&quot;,&quot;autoplay_speed&quot;:5000,&quot;infinite&quot;:&quot;yes&quot;,&quot;transition&quot;:&quot;slide&quot;,&quot;transition_speed&quot;:500}\" data-widget_type=\"slides.default\">\n\t\t\t\t<div class=\"elementor-widget-container\">\n\t\t\t\t\t\t\t\t\t<div class=\"elementor-swiper\">\n\t\t\t\t\t<div class=\"elementor-slides-wrapper elementor-main-swiper swiper\" role=\"region\" aria-roledescription=\"carousel\" aria-label=\"Slides\" dir=\"ltr\" data-animation=\"fadeInUp\">\n\t\t\t\t<div class=\"swiper-wrapper elementor-slides\">\n\t\t\t\t\t\t\t\t\t\t<div class=\"elementor-repeater-item-da429e9 swiper-slide\" role=\"group\" aria-roledescription=\"slide\"><div class=\"swiper-slide-bg\" role=\"img\"><\/div><div class=\"elementor-background-overlay\"><\/div><a class=\"swiper-slide-inner\" href=\"#\"><div class=\"swiper-slide-contents\"><div class=\"elementor-slide-heading\">Cafeter\u00eda<\/div><div class=\"elementor-slide-description\">Proyecto local en Costa Rica tipo starbuck.<\/div><div  class=\"elementor-button elementor-slide-button elementor-size-sm\">Muy pronto detalles<\/div><\/div><\/a><\/div><div class=\"elementor-repeater-item-e7691aa swiper-slide\" role=\"group\" aria-roledescription=\"slide\"><div class=\"swiper-slide-bg elementor-ken-burns elementor-ken-burns--out\" role=\"img\"><\/div><div class=\"elementor-background-overlay\"><\/div><a class=\"swiper-slide-inner\" href=\"#\"><div class=\"swiper-slide-contents\"><div class=\"elementor-slide-heading\">Anfibio Rescate<\/div><div class=\"elementor-slide-description\">Proyecto social para rescate no importa las circunstancia y en las condiciones en la cual se desarrolla, v\u00eda mar\u00edtima o terrestre...<\/div><div  class=\"elementor-button elementor-slide-button elementor-size-sm\">Detalles muy pronto<\/div><\/div><\/a><\/div><div class=\"elementor-repeater-item-ccce79e swiper-slide\" role=\"group\" aria-roledescription=\"slide\"><div class=\"swiper-slide-bg elementor-ken-burns elementor-ken-burns--out\" role=\"img\"><\/div><div class=\"elementor-background-overlay\"><\/div><a class=\"swiper-slide-inner\" href=\"#\"><div class=\"swiper-slide-contents\"><div class=\"elementor-slide-heading\">Bote crucero<\/div><div class=\"elementor-slide-description\">Proyecto pensado para el desarrollo tur\u00edstico en Costa Rica.<\/div><div  class=\"elementor-button elementor-slide-button elementor-size-sm\">Detalles muy pronto<\/div><\/div><\/a><\/div><div class=\"elementor-repeater-item-07db557 swiper-slide\" role=\"group\" aria-roledescription=\"slide\"><div class=\"swiper-slide-bg\" role=\"img\"><\/div><div class=\"elementor-background-overlay\"><\/div><a class=\"swiper-slide-inner\" href=\"#\"><div class=\"swiper-slide-contents\"><div class=\"elementor-slide-heading\">Tren Colgante<\/div><div class=\"elementor-slide-description\">Proyecto de bien social para el desarrollo tur\u00edstico y solucionar problemas de transporte.<\/div><div  class=\"elementor-button elementor-slide-button elementor-size-sm\">Detalles muy pronto<\/div><\/div><\/a><\/div><div class=\"elementor-repeater-item-488a520 swiper-slide\" role=\"group\" aria-roledescription=\"slide\"><div class=\"swiper-slide-bg elementor-ken-burns elementor-ken-burns--in\" role=\"img\"><\/div><div class=\"elementor-background-overlay\"><\/div><a class=\"swiper-slide-inner\" href=\"#\"><div class=\"swiper-slide-contents\"><div class=\"elementor-slide-heading\">American Dream<\/div><div class=\"elementor-slide-description\">Proyecto tur\u00edstico para el llamado de turistas internacionales y nacionales, orientado a pasarla bien y tengan unas vacaciones agradable de lujo.<\/div><div  class=\"elementor-button elementor-slide-button elementor-size-sm\">Detalles muy pronto<\/div><\/div><\/a><\/div><div class=\"elementor-repeater-item-0d0c899 swiper-slide\" role=\"group\" aria-roledescription=\"slide\"><div class=\"swiper-slide-bg elementor-ken-burns elementor-ken-burns--out\" role=\"img\"><\/div><div class=\"elementor-background-overlay\"><\/div><a class=\"swiper-slide-inner\" href=\"#\"><div class=\"swiper-slide-contents\"><div class=\"elementor-slide-heading\">Proyecto Anfibio<\/div><div class=\"elementor-slide-description\">Proyecto orientado para el desarrollo del eco turismo...<\/div><div  class=\"elementor-button elementor-slide-button elementor-size-sm\">Detalles muy pronto<\/div><\/div><\/a><\/div><div class=\"elementor-repeater-item-7c847f1 swiper-slide\" role=\"group\" aria-roledescription=\"slide\"><div class=\"swiper-slide-bg\" role=\"img\"><\/div><div class=\"elementor-background-overlay\"><\/div><a class=\"swiper-slide-inner\" href=\"https:\/\/consorciondhf.com\/index.php\/treasure-village-project\/\"><div class=\"swiper-slide-contents\"><div class=\"elementor-slide-heading\">Treasure Village Project <\/div><div class=\"elementor-slide-description\">Proyecto de bien social dirigido al adulto mayor para darle una vida de lujo en un Centro de integraci\u00f3n del adulto mayor.<\/div><div  class=\"elementor-button elementor-slide-button elementor-size-sm\">Click Here<\/div><\/div><\/a><\/div><div class=\"elementor-repeater-item-c7479b2 swiper-slide\" role=\"group\" aria-roledescription=\"slide\"><div class=\"swiper-slide-bg elementor-ken-burns elementor-ken-burns--out\" role=\"img\"><\/div><div class=\"elementor-background-overlay\"><\/div><a class=\"swiper-slide-inner\" href=\"#\"><div class=\"swiper-slide-contents\"><div class=\"elementor-slide-heading\">Planta Recicladora<\/div><div class=\"elementor-slide-description\">En este estudio se analiza si es viable iniciar una planta de reciclado de botellas de pl\u00e1stico PET, que funcione en Costa Rica, pero que recicle residuos de todo el pa\u00eds. La principal motivaci\u00f3n para llevar a cabo este estudio es un  posible convenio con el Gobierno, para ubicar la planta dentro de un parque industrial<\/div><div  class=\"elementor-button elementor-slide-button elementor-size-sm\">Detalles muy pronto<\/div><\/div><\/a><\/div>\t\t\t\t<\/div>\n\t\t\t\t\t\t\t\t\t\t\t\t\t\t\t<div class=\"elementor-swiper-button elementor-swiper-button-prev\" role=\"button\" tabindex=\"0\" aria-label=\"Previous slide\">\n\t\t\t\t\t\t\t<svg aria-hidden=\"true\" class=\"e-font-icon-svg e-eicon-chevron-left\" viewBox=\"0 0 1000 1000\" xmlns=\"http:\/\/www.w3.org\/2000\/svg\"><path d=\"M646 125C629 125 613 133 604 142L308 442C296 454 292 471 292 487 292 504 296 521 308 533L604 854C617 867 629 875 646 875 663 875 679 871 692 858 704 846 713 829 713 812 713 796 708 779 692 767L438 487 692 225C700 217 708 204 708 187 708 171 704 154 692 142 675 129 663 125 646 125Z\"><\/path><\/svg>\t\t\t\t\t\t<\/div>\n\t\t\t\t\t\t<div class=\"elementor-swiper-button elementor-swiper-button-next\" role=\"button\" tabindex=\"0\" aria-label=\"Next slide\">\n\t\t\t\t\t\t\t<svg aria-hidden=\"true\" class=\"e-font-icon-svg e-eicon-chevron-right\" viewBox=\"0 0 1000 1000\" xmlns=\"http:\/\/www.w3.org\/2000\/svg\"><path d=\"M696 533C708 521 713 504 713 487 713 471 708 454 696 446L400 146C388 133 375 125 354 125 338 125 325 129 313 142 300 154 292 171 292 187 292 204 296 221 308 233L563 492 304 771C292 783 288 800 288 817 288 833 296 850 308 863 321 871 338 875 354 875 371 875 388 867 400 854L696 533Z\"><\/path><\/svg>\t\t\t\t\t\t<\/div>\n\t\t\t\t\t\t\t\t\t\t\t\t\t\t\t\t<div class=\"swiper-pagination\"><\/div>\n\t\t\t\t\t\t\t\t\t\t\t\t<\/div>\n\t\t\t\t<\/div>\n\t\t\t\t\t\t\t\t<\/div>\n\t\t\t\t<\/div>\n\t\t\t\t\t<\/div>\n\t\t<\/div>\n\t\t\t\t\t<\/div>\n\t\t<\/section>\n\t\t\t\t<section class=\"elementor-section elementor-top-section elementor-element elementor-element-52145ee elementor-section-boxed elementor-section-height-default elementor-section-height-default\" data-id=\"52145ee\" data-element_type=\"section\">\n\t\t\t\t\t\t<div class=\"elementor-container elementor-column-gap-default\">\n\t\t\t\t\t<div class=\"elementor-column elementor-col-100 elementor-top-column elementor-element elementor-element-6147f7e\" data-id=\"6147f7e\" data-element_type=\"column\">\n\t\t\t<div class=\"elementor-widget-wrap\">\n\t\t\t\t\t\t\t<\/div>\n\t\t<\/div>\n\t\t\t\t\t<\/div>\n\t\t<\/section>\n\t\t\t\t<\/div>\n\t\t","protected":false},"excerpt":{"rendered":"<p>Projects in development Catalogo&#8230; Cafeter\u00edaProyecto local en Costa Rica tipo starbuck.Muy pronto detallesAnfibio RescateProyecto social para rescate no importa las circunstancia y en las condiciones en la cual se desarrolla, v\u00eda mar\u00edtima o terrestre&#8230;Detalles muy prontoBote cruceroProyecto pensado para el desarrollo tur\u00edstico en Costa Rica.Detalles muy prontoTren ColganteProyecto de bien social para el desarrollo tur\u00edstico [&hellip;]<\/p>\n","protected":false},"author":1,"featured_media":0,"parent":0,"menu_order":0,"comment_status":"closed","ping_status":"closed","template":"","meta":{"site-sidebar-layout":"no-sidebar","site-content-layout":"page-builder","ast-site-content-layout":"","site-content-style":"default","site-sidebar-style":"default","ast-global-header-display":"","ast-banner-title-visibility":"","ast-main-header-display":"","ast-hfb-above-header-display":"","ast-hfb-below-header-display":"","ast-hfb-mobile-header-display":"","site-post-title":"disabled","ast-breadcrumbs-content":"disabled","ast-featured-img":"disabled","footer-sml-layout":"","theme-transparent-header-meta":"enabled","adv-header-id-meta":"","stick-header-meta":"","header-above-stick-meta":"","header-main-stick-meta":"","header-below-stick-meta":"","astra-migrate-meta-layouts":"default","ast-page-background-enabled":"default","ast-page-background-meta":{"desktop":{"background-color":"","background-image":"","background-repeat":"repeat","background-position":"center center","background-size":"auto","background-attachment":"scroll","background-type":"","background-media":"","overlay-type":"","overlay-color":"","overlay-opacity":"","overlay-gradient":""},"tablet":{"background-color":"","background-image":"","background-repeat":"repeat","background-position":"center center","background-size":"auto","background-attachment":"scroll","background-type":"","background-media":"","overlay-type":"","overlay-color":"","overlay-opacity":"","overlay-gradient":""},"mobile":{"background-color":"","background-image":"","background-repeat":"repeat","background-position":"center center","background-size":"auto","background-attachment":"scroll","background-type":"","background-media":"","overlay-type":"","overlay-color":"","overlay-opacity":"","overlay-gradient":""}},"ast-content-background-meta":{"desktop":{"background-color":"var(--ast-global-color-5)","background-image":"","background-repeat":"repeat","background-position":"center center","background-size":"auto","background-attachment":"scroll","background-type":"","background-media":"","overlay-type":"","overlay-color":"","overlay-opacity":"","overlay-gradient":""},"tablet":{"background-color":"var(--ast-global-color-5)","background-image":"","background-repeat":"repeat","background-position":"center center","background-size":"auto","background-attachment":"scroll","background-type":"","background-media":"","overlay-type":"","overlay-color":"","overlay-opacity":"","overlay-gradient":""},"mobile":{"background-color":"var(--ast-global-color-5)","background-image":"","background-repeat":"repeat","background-position":"center center","background-size":"auto","background-attachment":"scroll","background-type":"","background-media":"","overlay-type":"","overlay-color":"","overlay-opacity":"","overlay-gradient":""}},"footnotes":""},"class_list":["post-319","page","type-page","status-publish","hentry"],"yoast_head":"<!-- This site is optimized with the Yoast SEO plugin v25.2 - https:\/\/yoast.com\/wordpress\/plugins\/seo\/ -->\n<title>Case Studies - Consorcio NDHF Systems<\/title>\n<meta name=\"robots\" content=\"index, follow, max-snippet:-1, max-image-preview:large, max-video-preview:-1\" \/>\n<link rel=\"canonical\" href=\"https:\/\/consorciondhf.com\/index.php\/case-studies\/\" \/>\n<meta property=\"og:locale\" content=\"en_US\" \/>\n<meta property=\"og:type\" content=\"article\" \/>\n<meta property=\"og:title\" content=\"Case Studies - Consorcio NDHF Systems\" \/>\n<meta property=\"og:description\" content=\"Projects in development Catalogo&#8230; Cafeter\u00edaProyecto local en Costa Rica tipo starbuck.Muy pronto detallesAnfibio RescateProyecto social para rescate no importa las circunstancia y en las condiciones en la cual se desarrolla, v\u00eda mar\u00edtima o terrestre&#8230;Detalles muy prontoBote cruceroProyecto pensado para el desarrollo tur\u00edstico en Costa Rica.Detalles muy prontoTren ColganteProyecto de bien social para el desarrollo tur\u00edstico [&hellip;]\" \/>\n<meta property=\"og:url\" content=\"https:\/\/consorciondhf.com\/index.php\/case-studies\/\" \/>\n<meta property=\"og:site_name\" content=\"Consorcio NDHF Systems\" \/>\n<meta property=\"article:publisher\" content=\"https:\/\/www.facebook.com\/ndhfsystems\" \/>\n<meta property=\"article:modified_time\" content=\"2023-12-08T23:29:17+00:00\" \/>\n<meta name=\"twitter:card\" content=\"summary_large_image\" \/>\n<meta name=\"twitter:label1\" content=\"Est. reading time\" \/>\n\t<meta name=\"twitter:data1\" content=\"3 minutes\" \/>\n<script type=\"application\/ld+json\" class=\"yoast-schema-graph\">{\"@context\":\"https:\/\/schema.org\",\"@graph\":[{\"@type\":\"WebPage\",\"@id\":\"https:\/\/consorciondhf.com\/index.php\/case-studies\/\",\"url\":\"https:\/\/consorciondhf.com\/index.php\/case-studies\/\",\"name\":\"Case Studies - Consorcio NDHF Systems\",\"isPartOf\":{\"@id\":\"https:\/\/consorciondhf.com\/#website\"},\"datePublished\":\"2020-10-29T12:55:03+00:00\",\"dateModified\":\"2023-12-08T23:29:17+00:00\",\"breadcrumb\":{\"@id\":\"https:\/\/consorciondhf.com\/index.php\/case-studies\/#breadcrumb\"},\"inLanguage\":\"en-US\",\"potentialAction\":[{\"@type\":\"ReadAction\",\"target\":[\"https:\/\/consorciondhf.com\/index.php\/case-studies\/\"]}]},{\"@type\":\"BreadcrumbList\",\"@id\":\"https:\/\/consorciondhf.com\/index.php\/case-studies\/#breadcrumb\",\"itemListElement\":[{\"@type\":\"ListItem\",\"position\":1,\"name\":\"Home\",\"item\":\"https:\/\/consorciondhf.com\/\"},{\"@type\":\"ListItem\",\"position\":2,\"name\":\"Case Studies\"}]},{\"@type\":\"WebSite\",\"@id\":\"https:\/\/consorciondhf.com\/#website\",\"url\":\"https:\/\/consorciondhf.com\/\",\"name\":\"Consorcio NDHF Systems\",\"description\":\"Consorcio NDHF Systems, orientados a desarrollar diferentes proyectos, seguridad, tecnologia y mas...\",\"publisher\":{\"@id\":\"https:\/\/consorciondhf.com\/#organization\"},\"potentialAction\":[{\"@type\":\"SearchAction\",\"target\":{\"@type\":\"EntryPoint\",\"urlTemplate\":\"https:\/\/consorciondhf.com\/?s={search_term_string}\"},\"query-input\":{\"@type\":\"PropertyValueSpecification\",\"valueRequired\":true,\"valueName\":\"search_term_string\"}}],\"inLanguage\":\"en-US\"},{\"@type\":\"Organization\",\"@id\":\"https:\/\/consorciondhf.com\/#organization\",\"name\":\"Consorcio NDHF Systems\",\"url\":\"https:\/\/consorciondhf.com\/\",\"logo\":{\"@type\":\"ImageObject\",\"inLanguage\":\"en-US\",\"@id\":\"https:\/\/consorciondhf.com\/#\/schema\/logo\/image\/\",\"url\":\"http:\/\/consorciondhf.com\/wp-content\/uploads\/2022\/01\/LogoS1.webp\",\"contentUrl\":\"http:\/\/consorciondhf.com\/wp-content\/uploads\/2022\/01\/LogoS1.webp\",\"width\":148,\"height\":148,\"caption\":\"Consorcio NDHF Systems\"},\"image\":{\"@id\":\"https:\/\/consorciondhf.com\/#\/schema\/logo\/image\/\"},\"sameAs\":[\"https:\/\/www.facebook.com\/ndhfsystems\",\"https:\/\/www.linkedin.com\/in\/consorcio-ndhf-systems-391228230\/\"]}]}<\/script>\n<!-- \/ Yoast SEO plugin. -->","yoast_head_json":{"title":"Case Studies - Consorcio NDHF Systems","robots":{"index":"index","follow":"follow","max-snippet":"max-snippet:-1","max-image-preview":"max-image-preview:large","max-video-preview":"max-video-preview:-1"},"canonical":"https:\/\/consorciondhf.com\/index.php\/case-studies\/","og_locale":"en_US","og_type":"article","og_title":"Case Studies - Consorcio NDHF Systems","og_description":"Projects in development Catalogo&#8230; Cafeter\u00edaProyecto local en Costa Rica tipo starbuck.Muy pronto detallesAnfibio RescateProyecto social para rescate no importa las circunstancia y en las condiciones en la cual se desarrolla, v\u00eda mar\u00edtima o terrestre&#8230;Detalles muy prontoBote cruceroProyecto pensado para el desarrollo tur\u00edstico en Costa Rica.Detalles muy prontoTren ColganteProyecto de bien social para el desarrollo tur\u00edstico [&hellip;]","og_url":"https:\/\/consorciondhf.com\/index.php\/case-studies\/","og_site_name":"Consorcio NDHF Systems","article_publisher":"https:\/\/www.facebook.com\/ndhfsystems","article_modified_time":"2023-12-08T23:29:17+00:00","twitter_card":"summary_large_image","twitter_misc":{"Est. reading time":"3 minutes"},"schema":{"@context":"https:\/\/schema.org","@graph":[{"@type":"WebPage","@id":"https:\/\/consorciondhf.com\/index.php\/case-studies\/","url":"https:\/\/consorciondhf.com\/index.php\/case-studies\/","name":"Case Studies - Consorcio NDHF Systems","isPartOf":{"@id":"https:\/\/consorciondhf.com\/#website"},"datePublished":"2020-10-29T12:55:03+00:00","dateModified":"2023-12-08T23:29:17+00:00","breadcrumb":{"@id":"https:\/\/consorciondhf.com\/index.php\/case-studies\/#breadcrumb"},"inLanguage":"en-US","potentialAction":[{"@type":"ReadAction","target":["https:\/\/consorciondhf.com\/index.php\/case-studies\/"]}]},{"@type":"BreadcrumbList","@id":"https:\/\/consorciondhf.com\/index.php\/case-studies\/#breadcrumb","itemListElement":[{"@type":"ListItem","position":1,"name":"Home","item":"https:\/\/consorciondhf.com\/"},{"@type":"ListItem","position":2,"name":"Case Studies"}]},{"@type":"WebSite","@id":"https:\/\/consorciondhf.com\/#website","url":"https:\/\/consorciondhf.com\/","name":"Consorcio NDHF Systems","description":"Consorcio NDHF Systems, orientados a desarrollar diferentes proyectos, seguridad, tecnologia y mas...","publisher":{"@id":"https:\/\/consorciondhf.com\/#organization"},"potentialAction":[{"@type":"SearchAction","target":{"@type":"EntryPoint","urlTemplate":"https:\/\/consorciondhf.com\/?s={search_term_string}"},"query-input":{"@type":"PropertyValueSpecification","valueRequired":true,"valueName":"search_term_string"}}],"inLanguage":"en-US"},{"@type":"Organization","@id":"https:\/\/consorciondhf.com\/#organization","name":"Consorcio NDHF Systems","url":"https:\/\/consorciondhf.com\/","logo":{"@type":"ImageObject","inLanguage":"en-US","@id":"https:\/\/consorciondhf.com\/#\/schema\/logo\/image\/","url":"http:\/\/consorciondhf.com\/wp-content\/uploads\/2022\/01\/LogoS1.webp","contentUrl":"http:\/\/consorciondhf.com\/wp-content\/uploads\/2022\/01\/LogoS1.webp","width":148,"height":148,"caption":"Consorcio NDHF Systems"},"image":{"@id":"https:\/\/consorciondhf.com\/#\/schema\/logo\/image\/"},"sameAs":["https:\/\/www.facebook.com\/ndhfsystems","https:\/\/www.linkedin.com\/in\/consorcio-ndhf-systems-391228230\/"]}]}},"_links":{"self":[{"href":"https:\/\/consorciondhf.com\/index.php\/wp-json\/wp\/v2\/pages\/319","targetHints":{"allow":["GET"]}}],"collection":[{"href":"https:\/\/consorciondhf.com\/index.php\/wp-json\/wp\/v2\/pages"}],"about":[{"href":"https:\/\/consorciondhf.com\/index.php\/wp-json\/wp\/v2\/types\/page"}],"author":[{"embeddable":true,"href":"https:\/\/consorciondhf.com\/index.php\/wp-json\/wp\/v2\/users\/1"}],"replies":[{"embeddable":true,"href":"https:\/\/consorciondhf.com\/index.php\/wp-json\/wp\/v2\/comments?post=319"}],"version-history":[{"count":345,"href":"https:\/\/consorciondhf.com\/index.php\/wp-json\/wp\/v2\/pages\/319\/revisions"}],"predecessor-version":[{"id":2410,"href":"https:\/\/consorciondhf.com\/index.php\/wp-json\/wp\/v2\/pages\/319\/revisions\/2410"}],"wp:attachment":[{"href":"https:\/\/consorciondhf.com\/index.php\/wp-json\/wp\/v2\/media?parent=319"}],"curies":[{"name":"wp","href":"https:\/\/api.w.org\/{rel}","templated":true}]}}